{"id":162,"date":"2021-02-19T12:25:16","date_gmt":"2021-02-19T11:25:16","guid":{"rendered":"http:\/\/feuropex.at\/?page_id=162"},"modified":"2024-03-21T12:07:38","modified_gmt":"2024-03-21T11:07:38","slug":"referenzen","status":"publish","type":"page","link":"https:\/\/feuropex.at\/index.php\/referenzen\/","title":{"rendered":"Referenzen"},"content":{"rendered":"\t\t<div data-elementor-type=\"wp-page\" data-elementor-id=\"162\" class=\"elementor elementor-162\">\n\t\t\t\t\t\t<section class=\"elementor-section elementor-top-section elementor-element elementor-element-e023c87 elementor-section-boxed elementor-section-height-default elementor-section-height-default\" data-id=\"e023c87\" data-element_type=\"section\" data-e-type=\"section\">\n\t\t\t\t\t\t<div class=\"elementor-container elementor-column-gap-default\">\n\t\t\t\t\t<div class=\"elementor-column elementor-col-100 elementor-top-column elementor-element elementor-element-d95a534\" data-id=\"d95a534\" data-element_type=\"column\" data-e-type=\"column\">\n\t\t\t<div class=\"elementor-widget-wrap elementor-element-populated\">\n\t\t\t\t\t\t<div class=\"elementor-element elementor-element-58e01ac elementor-widget elementor-widget-text-editor\" data-id=\"58e01ac\" data-element_type=\"widget\" data-e-type=\"widget\" data-widget_type=\"text-editor.default\">\n\t\t\t\t<div class=\"elementor-widget-container\">\n\t\t\t\t\t\t\t\t\t<p>Da wir die Privatsph\u00e4re unserer Kunden respektieren und auch auf die datenschutzrechtlichen Verordnungen achten, nennen wir unsere Auftraggeber nicht namentlich.<br \/>Daher m\u00f6chten wir unsere Kunden \u00fcbergeordnet benennen und diese sind private, \u00f6ffentliche und gewerbliche Auftraggeber.<\/p>\t\t\t\t\t\t\t\t<\/div>\n\t\t\t\t<\/div>\n\t\t\t\t\t<\/div>\n\t\t<\/div>\n\t\t\t\t\t<\/div>\n\t\t<\/section>\n\t\t\t\t<\/div>\n\t\t","protected":false},"excerpt":{"rendered":"<p>Da wir die Privatsph\u00e4re unserer Kunden respektieren und auch auf die datenschutzrechtlichen Verordnungen achten, nennen wir unsere Auftraggeber nicht namentlich.Daher m\u00f6chten wir [&hellip;]<\/p>\n","protected":false},"author":1,"featured_media":0,"parent":0,"menu_order":0,"comment_status":"closed","ping_status":"closed","template":"","meta":{"footnotes":""},"class_list":["post-162","page","type-page","status-publish","hentry"],"_links":{"self":[{"href":"https:\/\/feuropex.at\/index.php\/wp-json\/wp\/v2\/pages\/162","targetHints":{"allow":["GET"]}}],"collection":[{"href":"https:\/\/feuropex.at\/index.php\/wp-json\/wp\/v2\/pages"}],"about":[{"href":"https:\/\/feuropex.at\/index.php\/wp-json\/wp\/v2\/types\/page"}],"author":[{"embeddable":true,"href":"https:\/\/feuropex.at\/index.php\/wp-json\/wp\/v2\/users\/1"}],"replies":[{"embeddable":true,"href":"https:\/\/feuropex.at\/index.php\/wp-json\/wp\/v2\/comments?post=162"}],"version-history":[{"count":13,"href":"https:\/\/feuropex.at\/index.php\/wp-json\/wp\/v2\/pages\/162\/revisions"}],"predecessor-version":[{"id":479,"href":"https:\/\/feuropex.at\/index.php\/wp-json\/wp\/v2\/pages\/162\/revisions\/479"}],"wp:attachment":[{"href":"https:\/\/feuropex.at\/index.php\/wp-json\/wp\/v2\/media?parent=162"}],"curies":[{"name":"wp","href":"https:\/\/api.w.org\/{rel}","templated":true}]}}