{"id":164,"date":"2021-02-19T12:25:37","date_gmt":"2021-02-19T11:25:37","guid":{"rendered":"http:\/\/feuropex.at\/?page_id=164"},"modified":"2024-03-21T12:07:38","modified_gmt":"2024-03-21T11:07:38","slug":"informationen","status":"publish","type":"page","link":"https:\/\/feuropex.at\/index.php\/informationen\/","title":{"rendered":"Informationen"},"content":{"rendered":"\t\t<div data-elementor-type=\"wp-page\" data-elementor-id=\"164\" class=\"elementor elementor-164\">\n\t\t\t\t\t\t<section class=\"elementor-section elementor-top-section elementor-element elementor-element-f6d6462 elementor-section-boxed elementor-section-height-default elementor-section-height-default\" data-id=\"f6d6462\" data-element_type=\"section\" data-e-type=\"section\">\n\t\t\t\t\t\t<div class=\"elementor-container elementor-column-gap-default\">\n\t\t\t\t\t<div class=\"elementor-column elementor-col-100 elementor-top-column elementor-element elementor-element-f95311e\" data-id=\"f95311e\" data-element_type=\"column\" data-e-type=\"column\">\n\t\t\t<div class=\"elementor-widget-wrap elementor-element-populated\">\n\t\t\t\t\t\t<div class=\"elementor-element elementor-element-87f4978 elementor-widget elementor-widget-heading\" data-id=\"87f4978\" data-element_type=\"widget\" data-e-type=\"widget\" data-widget_type=\"heading.default\">\n\t\t\t\t<div class=\"elementor-widget-container\">\n\t\t\t\t\t<h5 class=\"elementor-heading-title elementor-size-default\">Covid-19-Schutzma\u00dfnahmen<\/h5>\t\t\t\t<\/div>\n\t\t\t\t<\/div>\n\t\t\t\t<div class=\"elementor-element elementor-element-c28afdf elementor-widget elementor-widget-text-editor\" data-id=\"c28afdf\" data-element_type=\"widget\" data-e-type=\"widget\" data-widget_type=\"text-editor.default\">\n\t\t\t\t<div class=\"elementor-widget-container\">\n\t\t\t\t\t\t\t\t\t<p>Wir gehen mit der aktuellen COVID-19-Schutzma\u00dfnahmenverordnung der Bundesregierung konform und achten auf die folgenden Ma\u00dfnahmen:<\/p>\t\t\t\t\t\t\t\t<\/div>\n\t\t\t\t<\/div>\n\t\t\t\t<div class=\"elementor-element elementor-element-d724c3f elementor-icon-list--layout-traditional elementor-list-item-link-full_width elementor-widget elementor-widget-icon-list\" data-id=\"d724c3f\" data-element_type=\"widget\" data-e-type=\"widget\" data-widget_type=\"icon-list.default\">\n\t\t\t\t<div class=\"elementor-widget-container\">\n\t\t\t\t\t\t\t<ul class=\"elementor-icon-list-items\">\n\t\t\t\t\t\t\t<li class=\"elementor-icon-list-item\">\n\t\t\t\t\t\t\t\t\t\t\t<span class=\"elementor-icon-list-icon\">\n\t\t\t\t\t\t\t<i aria-hidden=\"true\" class=\"fas fa-check\"><\/i>\t\t\t\t\t\t<\/span>\n\t\t\t\t\t\t\t\t\t\t<span class=\"elementor-icon-list-text\">Jeder Mitarbeiter mit Kundenkontakt tr\u00e4gt eine FFP2-Schutzmaske<\/span>\n\t\t\t\t\t\t\t\t\t<\/li>\n\t\t\t\t\t\t\t\t<li class=\"elementor-icon-list-item\">\n\t\t\t\t\t\t\t\t\t\t\t<span class=\"elementor-icon-list-icon\">\n\t\t\t\t\t\t\t<i aria-hidden=\"true\" class=\"fas fa-check\"><\/i>\t\t\t\t\t\t<\/span>\n\t\t\t\t\t\t\t\t\t\t<span class=\"elementor-icon-list-text\">Abstand von mindestens 2 Meter<\/span>\n\t\t\t\t\t\t\t\t\t<\/li>\n\t\t\t\t\t\t\t\t<li class=\"elementor-icon-list-item\">\n\t\t\t\t\t\t\t\t\t\t\t<span class=\"elementor-icon-list-icon\">\n\t\t\t\t\t\t\t<i aria-hidden=\"true\" class=\"fas fa-check\"><\/i>\t\t\t\t\t\t<\/span>\n\t\t\t\t\t\t\t\t\t\t<span class=\"elementor-icon-list-text\">Antigen-Covid-Testungen<\/span>\n\t\t\t\t\t\t\t\t\t<\/li>\n\t\t\t\t\t\t<\/ul>\n\t\t\t\t\t\t<\/div>\n\t\t\t\t<\/div>\n\t\t\t\t<div class=\"elementor-element elementor-element-1d387c7 elementor-widget elementor-widget-spacer\" data-id=\"1d387c7\" data-element_type=\"widget\" data-e-type=\"widget\" data-widget_type=\"spacer.default\">\n\t\t\t\t<div class=\"elementor-widget-container\">\n\t\t\t\t\t\t\t<div class=\"elementor-spacer\">\n\t\t\t<div class=\"elementor-spacer-inner\"><\/div>\n\t\t<\/div>\n\t\t\t\t\t\t<\/div>\n\t\t\t\t<\/div>\n\t\t\t\t<div class=\"elementor-element elementor-element-5cac060 elementor-widget elementor-widget-heading\" data-id=\"5cac060\" data-element_type=\"widget\" data-e-type=\"widget\" data-widget_type=\"heading.default\">\n\t\t\t\t<div class=\"elementor-widget-container\">\n\t\t\t\t\t<h5 class=\"elementor-heading-title elementor-size-default\">Rauchmelderpflicht in K\u00e4rnten<\/h5>\t\t\t\t<\/div>\n\t\t\t\t<\/div>\n\t\t\t\t<div class=\"elementor-element elementor-element-a8f53b4 elementor-widget elementor-widget-text-editor\" data-id=\"a8f53b4\" data-element_type=\"widget\" data-e-type=\"widget\" data-widget_type=\"text-editor.default\">\n\t\t\t\t<div class=\"elementor-widget-container\">\n\t\t\t\t\t\t\t\t\t<p>Gem\u00e4\u00df Landesgesetzblatt Nr. 67\/2000, \u00a732 sind Rauchwarnmelder in Wohnungen unabh\u00e4ngig vom Zeitpunkt der Errichtung zu installieren. <br \/>Zeitlich bedeutete dies, dass die Installation f\u00fcr neu errichtete Wohnbauten ab 01.10.2012 gilt und f\u00fcr bestehende Wohnungen die Rauchmelder bis 31.07.2013 nach zu installieren waren.<\/p>\t\t\t\t\t\t\t\t<\/div>\n\t\t\t\t<\/div>\n\t\t\t\t<div class=\"elementor-element elementor-element-570c1ff elementor-widget elementor-widget-spacer\" data-id=\"570c1ff\" data-element_type=\"widget\" data-e-type=\"widget\" data-widget_type=\"spacer.default\">\n\t\t\t\t<div class=\"elementor-widget-container\">\n\t\t\t\t\t\t\t<div class=\"elementor-spacer\">\n\t\t\t<div class=\"elementor-spacer-inner\"><\/div>\n\t\t<\/div>\n\t\t\t\t\t\t<\/div>\n\t\t\t\t<\/div>\n\t\t\t\t<div class=\"elementor-element elementor-element-887b91d elementor-widget elementor-widget-heading\" data-id=\"887b91d\" data-element_type=\"widget\" data-e-type=\"widget\" data-widget_type=\"heading.default\">\n\t\t\t\t<div class=\"elementor-widget-container\">\n\t\t\t\t\t<h5 class=\"elementor-heading-title elementor-size-default\">TRVB<\/h5>\t\t\t\t<\/div>\n\t\t\t\t<\/div>\n\t\t\t\t<div class=\"elementor-element elementor-element-1722af0 elementor-widget elementor-widget-text-editor\" data-id=\"1722af0\" data-element_type=\"widget\" data-e-type=\"widget\" data-widget_type=\"text-editor.default\">\n\t\t\t\t<div class=\"elementor-widget-container\">\n\t\t\t\t\t\t\t\t\t<p>Die Technischen Richtlinien Vorbeugender Brandschutz z\u00e4hlen in \u00d6sterreich als Richtlinien f\u00fcr den vorbeugenden Brandschutz. Es soll damit eine Harmonisierung an Richtlinien in \u00d6sterreich geschaffen werden.<br \/>Durch einen Bescheid der Beh\u00f6rde k\u00f6nnen einzelne TRVB`s als anwendbar erkl\u00e4rt werden, welche dann auch durch den Objekteigent\u00fcmer umzusetzen sind.<br \/>Gerne helfen wir Ihnen bei der konformen Umsetzung ihrer Beh\u00f6rdenauflagen.<\/p>\t\t\t\t\t\t\t\t<\/div>\n\t\t\t\t<\/div>\n\t\t\t\t<div class=\"elementor-element elementor-element-3500a88 elementor-widget elementor-widget-spacer\" data-id=\"3500a88\" data-element_type=\"widget\" data-e-type=\"widget\" data-widget_type=\"spacer.default\">\n\t\t\t\t<div class=\"elementor-widget-container\">\n\t\t\t\t\t\t\t<div class=\"elementor-spacer\">\n\t\t\t<div class=\"elementor-spacer-inner\"><\/div>\n\t\t<\/div>\n\t\t\t\t\t\t<\/div>\n\t\t\t\t<\/div>\n\t\t\t\t<div class=\"elementor-element elementor-element-c3fe88b elementor-widget elementor-widget-heading\" data-id=\"c3fe88b\" data-element_type=\"widget\" data-e-type=\"widget\" data-widget_type=\"heading.default\">\n\t\t\t\t<div class=\"elementor-widget-container\">\n\t\t\t\t\t<h5 class=\"elementor-heading-title elementor-size-default\">OIB-Richtlinie 2, Brandschutz<\/h5>\t\t\t\t<\/div>\n\t\t\t\t<\/div>\n\t\t\t\t<div class=\"elementor-element elementor-element-332f95c elementor-widget elementor-widget-text-editor\" data-id=\"332f95c\" data-element_type=\"widget\" data-e-type=\"widget\" data-widget_type=\"text-editor.default\">\n\t\t\t\t<div class=\"elementor-widget-container\">\n\t\t\t\t\t\t\t\t\t<p>Die OIB-Richtlinien dienen ebenfalls der Harmonisierung der bautechnischen Vorschriften in \u00d6sterreich. Diese werden vom \u00d6sterreichischen Institut f\u00fcr Bautechnik herausgegeben. Die Bundesl\u00e4nder k\u00f6nnen diese Richtlinien in ihren Bauordnungen f\u00fcr verbindlich erkl\u00e4ren, wodurch auch wieder der Objekteigent\u00fcmer zur Umsetzung der vorgeschriebenen Punkte verpflichtet ist.<br \/>Insgesamt gibt es sechs OIB-Richtlinien, wobei die Richtlinie 2 den Brandschutz betrifft und diese OIB noch drei weitere Untergruppen beinhaltet.<\/p>\t\t\t\t\t\t\t\t<\/div>\n\t\t\t\t<\/div>\n\t\t\t\t\t<\/div>\n\t\t<\/div>\n\t\t\t\t\t<\/div>\n\t\t<\/section>\n\t\t\t\t<\/div>\n\t\t","protected":false},"excerpt":{"rendered":"<p>Covid-19-Schutzma\u00dfnahmen Wir gehen mit der aktuellen COVID-19-Schutzma\u00dfnahmenverordnung der Bundesregierung konform und achten auf die folgenden Ma\u00dfnahmen: Jeder Mitarbeiter mit Kundenkontakt tr\u00e4gt eine [&hellip;]<\/p>\n","protected":false},"author":1,"featured_media":0,"parent":0,"menu_order":0,"comment_status":"closed","ping_status":"closed","template":"","meta":{"footnotes":""},"class_list":["post-164","page","type-page","status-publish","hentry"],"_links":{"self":[{"href":"https:\/\/feuropex.at\/index.php\/wp-json\/wp\/v2\/pages\/164","targetHints":{"allow":["GET"]}}],"collection":[{"href":"https:\/\/feuropex.at\/index.php\/wp-json\/wp\/v2\/pages"}],"about":[{"href":"https:\/\/feuropex.at\/index.php\/wp-json\/wp\/v2\/types\/page"}],"author":[{"embeddable":true,"href":"https:\/\/feuropex.at\/index.php\/wp-json\/wp\/v2\/users\/1"}],"replies":[{"embeddable":true,"href":"https:\/\/feuropex.at\/index.php\/wp-json\/wp\/v2\/comments?post=164"}],"version-history":[{"count":16,"href":"https:\/\/feuropex.at\/index.php\/wp-json\/wp\/v2\/pages\/164\/revisions"}],"predecessor-version":[{"id":482,"href":"https:\/\/feuropex.at\/index.php\/wp-json\/wp\/v2\/pages\/164\/revisions\/482"}],"wp:attachment":[{"href":"https:\/\/feuropex.at\/index.php\/wp-json\/wp\/v2\/media?parent=164"}],"curies":[{"name":"wp","href":"https:\/\/api.w.org\/{rel}","templated":true}]}}