{"id":169,"date":"2021-02-19T12:27:24","date_gmt":"2021-02-19T11:27:24","guid":{"rendered":"http:\/\/feuropex.at\/?page_id=169"},"modified":"2024-03-21T12:07:38","modified_gmt":"2024-03-21T11:07:38","slug":"uber-uns","status":"publish","type":"page","link":"https:\/\/feuropex.at\/index.php\/uber-uns\/","title":{"rendered":"\u00dcber uns"},"content":{"rendered":"\t\t<div data-elementor-type=\"wp-page\" data-elementor-id=\"169\" class=\"elementor elementor-169\">\n\t\t\t\t\t\t<section class=\"elementor-section elementor-top-section elementor-element elementor-element-8ad35c2 elementor-section-boxed elementor-section-height-default elementor-section-height-default\" data-id=\"8ad35c2\" data-element_type=\"section\" data-e-type=\"section\">\n\t\t\t\t\t\t<div class=\"elementor-container elementor-column-gap-default\">\n\t\t\t\t\t<div class=\"elementor-column elementor-col-100 elementor-top-column elementor-element elementor-element-9fa89bb\" data-id=\"9fa89bb\" data-element_type=\"column\" data-e-type=\"column\">\n\t\t\t<div class=\"elementor-widget-wrap elementor-element-populated\">\n\t\t\t\t\t\t<div class=\"elementor-element elementor-element-0f31403 elementor-widget elementor-widget-text-editor\" data-id=\"0f31403\" data-element_type=\"widget\" data-e-type=\"widget\" data-widget_type=\"text-editor.default\">\n\t\t\t\t<div class=\"elementor-widget-container\">\n\t\t\t\t\t\t\t\t\t<p>Im Jahr 2000 wurde die Firma \u201eFeuropex Feuerl\u00f6scher\u201c von Herrn Peter Ropatsch sen. gegr\u00fcndet, nachdem er seit 1974 im Brandschutz t\u00e4tig war und die ersten Anf\u00e4nge des vorbeugenden Brandschutzes miterlebte.<br \/>Seither hat sich die Firma Feuropex als kompetenter Partner zum Thema Brandschutz etabliert und bietet seinen Auftraggebern ein \u201eRundum-Sorglos-Paket\u201c an.<\/p><p>Im Jahr 2020 wurde die Firma \u201eFeuropex Feuerl\u00f6scher\u201c durch Herrn DI (FH) Peter Ropatsch von seinem Vater \u00fcbernommen und in die Firma \u201eFeuropex Brandschutz\u201c umbenannt.<br \/>Durch die jahrelangen brandschutztechnischen Fortbildungen und den bautechnischen Ausbildungen von Herrn DI (FH) Peter Ropatsch werden unterschiedlichste Bereiche des vorbeugenden Brandschutzes perfekt miteinander kombiniert und das Leistungsspektrum noch zus\u00e4tzlich erweitert.<\/p>\t\t\t\t\t\t\t\t<\/div>\n\t\t\t\t<\/div>\n\t\t\t\t\t<\/div>\n\t\t<\/div>\n\t\t\t\t\t<\/div>\n\t\t<\/section>\n\t\t\t\t<\/div>\n\t\t","protected":false},"excerpt":{"rendered":"<p>Im Jahr 2000 wurde die Firma \u201eFeuropex Feuerl\u00f6scher\u201c von Herrn Peter Ropatsch sen. gegr\u00fcndet, nachdem er seit 1974 im Brandschutz t\u00e4tig war [&hellip;]<\/p>\n","protected":false},"author":1,"featured_media":0,"parent":0,"menu_order":0,"comment_status":"closed","ping_status":"closed","template":"","meta":{"footnotes":""},"class_list":["post-169","page","type-page","status-publish","hentry"],"_links":{"self":[{"href":"https:\/\/feuropex.at\/index.php\/wp-json\/wp\/v2\/pages\/169","targetHints":{"allow":["GET"]}}],"collection":[{"href":"https:\/\/feuropex.at\/index.php\/wp-json\/wp\/v2\/pages"}],"about":[{"href":"https:\/\/feuropex.at\/index.php\/wp-json\/wp\/v2\/types\/page"}],"author":[{"embeddable":true,"href":"https:\/\/feuropex.at\/index.php\/wp-json\/wp\/v2\/users\/1"}],"replies":[{"embeddable":true,"href":"https:\/\/feuropex.at\/index.php\/wp-json\/wp\/v2\/comments?post=169"}],"version-history":[{"count":16,"href":"https:\/\/feuropex.at\/index.php\/wp-json\/wp\/v2\/pages\/169\/revisions"}],"predecessor-version":[{"id":543,"href":"https:\/\/feuropex.at\/index.php\/wp-json\/wp\/v2\/pages\/169\/revisions\/543"}],"wp:attachment":[{"href":"https:\/\/feuropex.at\/index.php\/wp-json\/wp\/v2\/media?parent=169"}],"curies":[{"name":"wp","href":"https:\/\/api.w.org\/{rel}","templated":true}]}}