{"id":3,"date":"2020-11-11T18:55:34","date_gmt":"2020-11-11T17:55:34","guid":{"rendered":"http:\/\/192.168.178.84\/?page_id=3"},"modified":"2024-03-21T12:07:38","modified_gmt":"2024-03-21T11:07:38","slug":"datenschutzerklaerung","status":"publish","type":"page","link":"https:\/\/feuropex.at\/index.php\/datenschutzerklaerung\/","title":{"rendered":"Datenschutzerkl\u00e4rung"},"content":{"rendered":"\t\t<div data-elementor-type=\"wp-page\" data-elementor-id=\"3\" class=\"elementor elementor-3\">\n\t\t\t\t\t\t<section class=\"elementor-section elementor-top-section elementor-element elementor-element-c8b29fe elementor-section-boxed elementor-section-height-default elementor-section-height-default\" data-id=\"c8b29fe\" data-element_type=\"section\" data-e-type=\"section\">\n\t\t\t\t\t\t<div class=\"elementor-container elementor-column-gap-default\">\n\t\t\t\t\t<div class=\"elementor-column elementor-col-100 elementor-top-column elementor-element elementor-element-29a1a32f\" data-id=\"29a1a32f\" data-element_type=\"column\" data-e-type=\"column\">\n\t\t\t<div class=\"elementor-widget-wrap elementor-element-populated\">\n\t\t\t\t\t\t<div class=\"elementor-element elementor-element-94e416a elementor-widget elementor-widget-heading\" data-id=\"94e416a\" data-element_type=\"widget\" data-e-type=\"widget\" data-widget_type=\"heading.default\">\n\t\t\t\t<div class=\"elementor-widget-container\">\n\t\t\t\t\t<h4 class=\"elementor-heading-title elementor-size-default\">Rechtsgrundlage<\/h4>\t\t\t\t<\/div>\n\t\t\t\t<\/div>\n\t\t\t\t<div class=\"elementor-element elementor-element-37ecea91 elementor-widget elementor-widget-text-editor\" data-id=\"37ecea91\" data-element_type=\"widget\" data-e-type=\"widget\" data-widget_type=\"text-editor.default\">\n\t\t\t\t<div class=\"elementor-widget-container\">\n\t\t\t\t\t\t\t\t\t\n<p>Die EU \u2013 Datenschutzgrundverordnung, das Datenschutzgesetz 2000 sowie das<br \/>Datenschutz-Anpassungsgesetz 2018 dienen dem Recht auf Schutz<br \/>personenbezogener Daten.<br \/>Wir verarbeiten Ihre personenbezogenen Daten (z.B. Anrede, Name, Adresse,<br \/>E-Mail-Adresse, Telefonnummer etc.) ausschlie\u00dflich auf Grundlage der gesetzlichen<br \/>Bestimmungen (DSGVO, DSG 2018, TKG 2003).<br \/>Uns ist es ein besonderes Anliegen, alle personenbezogenen Daten, die Sie uns<br \/>anvertrauen, zu sch\u00fctzen und sicher zu verwahren. In diesem Dokument erfahren<br \/>Sie mehr dar\u00fcber, wie wir Ihre personenbezogenen Daten verwenden und<br \/>verarbeiten.<br \/>Zweckbindung \/ Speicherdauer \/ Datensicherheit<br \/>Die gesammelten personenbezogenen Daten ben\u00f6tigen wir f\u00fcr Zwecke des<br \/>Kundenservices bei direkter Kontaktaufnahme durch unsere Servicetechniker bei<br \/>wiederkehrender Wartung, zur Vertragserf\u00fcllung, Verrechnung und Geltendmachung<br \/>der Vertragsanspr\u00fcche. Die Daten werden hierf\u00fcr erhoben, gespeichert, verarbeitet<br \/>und genutzt.<br \/>Wir verarbeiten Ihre personenbezogenen Daten, soweit erforderlich, f\u00fcr die Dauer<br \/>der gesamten Gesch\u00e4ftsbeziehung (von der Anbahnung, Abwicklung bis zur<br \/>Beendigung des Vertrages, sowie dar\u00fcber hinaus gem\u00e4\u00df den gesetzlichen<br \/>Aufbewahrungs- und Dokumentationspflichten, die sich u.a. aus dem<br \/>Unternehmergesetzbuch (UGB), der Bundesabgabenordnung (BAO) ergeben sowie<br \/>bis zur Beendigung eines allf\u00e4lligen Rechtsstreits, fortlaufender Gew\u00e4hrleistungsund Garantiefristen und zur wiederkehrenden \u00dcberpr\u00fcfung Ihrer Feuerl\u00f6scher, RWAAnlagen, Steigleitungen, Rauchmelder und weiteren Brandschutzeinrichtungen.<br \/>Die Firma Feuropex Brandschutz e.U. setzt technische und organisatorische<br \/>Sicherheitsma\u00dfnahmen ein, um die gespeicherten personenbezogenen Daten gegen<br \/>zuf\u00e4llige oder vors\u00e4tzliche Manipulation, Verlust oder Zerst\u00f6rung und gegen den<br \/>Zugriff unberechtigter Personen zu sch\u00fctzen. Unsere Sicherheitsma\u00dfnahmen<br \/>werden entsprechend des technischen Fortschritts fortlaufend verbessert.<br \/>Recht auf Auskunft \/ Widerruf \/ L\u00f6schung<br \/>Sie haben jederzeit das Recht auf Auskunft Ihrer personenbezogenen Daten. Soweit<br \/>keine gesetzliche Aufbewahrungspflicht besteht, haben Sie das Recht auf L\u00f6schung<br \/>dieser Daten sowie Widerspruch gegen die Verarbeitung. Ebenso haben Sie das<br \/>Recht auf Berichtigung und auf Einschr\u00e4nkung der Verarbeitung der Daten. Wenden<br \/>Sie sich bez\u00fcglich Ihrer Rechte an: <a href=\"mailto:office@feuropex.at\">office@feuropex.at<\/a><\/p>\n\t\t\t\t\t\t\t\t<\/div>\n\t\t\t\t<\/div>\n\t\t\t\t\t<\/div>\n\t\t<\/div>\n\t\t\t\t\t<\/div>\n\t\t<\/section>\n\t\t\t\t<\/div>\n\t\t","protected":false},"excerpt":{"rendered":"<p>Rechtsgrundlage Die EU \u2013 Datenschutzgrundverordnung, das Datenschutzgesetz 2000 sowie dasDatenschutz-Anpassungsgesetz 2018 dienen dem Recht auf Schutzpersonenbezogener Daten.Wir verarbeiten Ihre personenbezogenen Daten (z.B. [&hellip;]<\/p>\n","protected":false},"author":1,"featured_media":0,"parent":0,"menu_order":0,"comment_status":"closed","ping_status":"open","template":"","meta":{"footnotes":""},"class_list":["post-3","page","type-page","status-publish","hentry"],"_links":{"self":[{"href":"https:\/\/feuropex.at\/index.php\/wp-json\/wp\/v2\/pages\/3","targetHints":{"allow":["GET"]}}],"collection":[{"href":"https:\/\/feuropex.at\/index.php\/wp-json\/wp\/v2\/pages"}],"about":[{"href":"https:\/\/feuropex.at\/index.php\/wp-json\/wp\/v2\/types\/page"}],"author":[{"embeddable":true,"href":"https:\/\/feuropex.at\/index.php\/wp-json\/wp\/v2\/users\/1"}],"replies":[{"embeddable":true,"href":"https:\/\/feuropex.at\/index.php\/wp-json\/wp\/v2\/comments?post=3"}],"version-history":[{"count":8,"href":"https:\/\/feuropex.at\/index.php\/wp-json\/wp\/v2\/pages\/3\/revisions"}],"predecessor-version":[{"id":508,"href":"https:\/\/feuropex.at\/index.php\/wp-json\/wp\/v2\/pages\/3\/revisions\/508"}],"wp:attachment":[{"href":"https:\/\/feuropex.at\/index.php\/wp-json\/wp\/v2\/media?parent=3"}],"curies":[{"name":"wp","href":"https:\/\/api.w.org\/{rel}","templated":true}]}}